{"id":40,"date":"2023-03-15T21:30:36","date_gmt":"2023-03-15T20:30:36","guid":{"rendered":"https:\/\/marieroullet.com\/?page_id=40"},"modified":"2024-01-09T08:10:03","modified_gmt":"2024-01-09T07:10:03","slug":"accueil","status":"publish","type":"page","link":"https:\/\/marieroullet.com\/","title":{"rendered":"Accueil"},"content":{"rendered":"<section class=\"wpb-content-wrapper\"><p>[vc_row][vc_column]<div class=\"arrowpress-container container \"><\/div>\n[vc_row_inner][vc_column_inner custom_w=&#8221;30&#8243; offset=&#8221;vc_col-lg-6 vc_col-md-6 vc_col-xs-12&#8243;]<div class=\"ult-spacer spacer-69dfc3270f517\" data-id=\"69dfc3270f517\" data-height=\"60\" data-height-mobile=\"10\" data-height-tab=\"60\" data-height-tab-portrait=\"40\" data-height-mobile-landscape=\"10\" style=\"clear:both;display:block;\"><\/div>[vc_single_image image=&#8221;1995&#8243; img_size=&#8221;full&#8221; alignment=&#8221;right&#8221; el_class=&#8221;img_style_box&#8221;][\/vc_column_inner][vc_column_inner custom_w=&#8221;70&#8243; offset=&#8221;vc_col-lg-6 vc_col-md-6 vc_col-xs-12&#8243;]<div class=\"ult-spacer spacer-69dfc3270f53f\" data-id=\"69dfc3270f53f\" data-height=\"60\" data-height-mobile=\"0\" data-height-tab=\"60\" data-height-tab-portrait=\"40\" data-height-mobile-landscape=\"0\" style=\"clear:both;display:block;\"><\/div>[vc_column_text]<\/p>\n<h2 style=\"text-align: center;\">Coaching Professionnel<\/h2>\n<h2 style=\"text-align: center;\">en ligne ou en pr\u00e9sentiel<\/h2>\n<p>[\/vc_column_text][vc_column_text css=&#8221;.vc_custom_1704740988606{margin-left: 50px !important;}&#8221;]<\/p>\n<h3><\/h3>\n<h3><span style=\"font-weight: 400;\"><br \/>\nJe suis une coach centr\u00e9e sur vous, \u00e0 l\u2019\u00e9coute et bienveillante autant que confrontante et \u00e9nergisante.<\/span><\/h3>\n<h3><span style=\"font-weight: 400;\">Je vous aide \u00e0 \u00eatre entrepreneur de votre vie, comme une remise en marche vers vous-m\u00eame.<\/span><\/h3>\n<h3><span style=\"font-weight: 400;\">Je vous encourage \u00e0 renouer avec votre v\u00e9ritable valeur et \u00e0 croire en vos r\u00eaves. <\/span><\/h3>\n<h3><span style=\"font-weight: 400;\">Je vous pousse \u00e0 exploiter vos forces plut\u00f4t que combattre vos faiblesses.<\/span><span style=\"font-weight: 400;\"><\/span><\/h3>\n<p>[\/vc_column_text]<div class=\"ult-spacer spacer-69dfc3270f55e\" data-id=\"69dfc3270f55e\" data-height=\"20\" data-height-mobile=\"0\" data-height-tab=\"20\" data-height-tab-portrait=\"10\" data-height-mobile-landscape=\"0\" style=\"clear:both;display:block;\"><\/div>[vc_column_text css=&#8221;.vc_custom_1704740877391{margin-bottom: 30px !important;margin-left: 50px !important;}&#8221;]<\/p>\n<h3><span style=\"font-weight: 400;\">Je crois que tout est possible \u00e0 qui r\u00eave, ose, travaille et n\u2019abandonne pas face aux difficult\u00e9s.<\/span><\/h3>\n<p>[\/vc_column_text]<div class=\"ult-spacer spacer-69dfc3270f57b\" data-id=\"69dfc3270f57b\" data-height=\"10\" data-height-mobile=\"0\" data-height-tab=\"10\" data-height-tab-portrait=\"5\" data-height-mobile-landscape=\"0\" style=\"clear:both;display:block;\"><\/div>[vc_column_text css=&#8221;.vc_custom_1704740887360{margin-bottom: 30px !important;margin-left: 50px !important;}&#8221;]<\/p>\n<h3><span style=\"font-weight: 400;\">A bient\u00f4t,<\/span><\/h3>\n<h3><span style=\"font-weight: 400;\">Marie<\/span><\/h3>\n<p>[\/vc_column_text][\/vc_column_inner][\/vc_row_inner][vc_column_inner custom_w=&#8221;70&#8243; el_class=&#8221;c_box_no_pad&#8221; width=&#8221;1\/2&#8243; offset=&#8221;vc_col-lg-6 vc_col-md-6 vc_col-xs-12&#8243; css=&#8221;.vc_custom_1691743828906{margin-right: 10px !important;}&#8221;][\/vc_column_inner][\/vc_column][\/vc_row][vc_row bg_type=&#8221;image&#8221; parallax_style=&#8221;vcpb-default&#8221; bg_image_repeat=&#8221;no-repeat&#8221; bg_image_posiiton=&#8221;left center&#8221; el_class=&#8221;bg-service-rtl&#8221;][vc_column]<div class=\"ult-spacer spacer-69dfc3270f597\" data-id=\"69dfc3270f597\" data-height=\"30\" data-height-mobile=\"10\" data-height-tab=\"15\" data-height-tab-portrait=\"15\" data-height-mobile-landscape=\"10\" style=\"clear:both;display:block;\"><\/div>[vc_column_text css=&#8221;.vc_custom_1695765487556{margin-bottom: 20px !important;}&#8221;]<\/p>\n<h2 style=\"text-align: center;\"><span style=\"color: #f15744;\"><em>Je vous accompagne pour atteindre vos objectifs :<\/em><\/span><\/h2>\n<p>[\/vc_column_text][vc_row_inner][vc_column_inner width=&#8221;1\/4&#8243;][vc_column_text css=&#8221;.vc_custom_1704708871820{border-top-width: 6px !important;border-right-width: 6px !important;border-bottom-width: 6px !important;border-left-width: 6px !important;padding-top: 20px !important;padding-bottom: 20px !important;border-left-style: none !important;border-right-style: none !important;border-top-style: none !important;border-bottom-style: none !important;}&#8221;]<\/p>\n<h3 style=\"text-align: center;\"><strong><span style=\"color: #ed544a;\">D\u00e9veloppement<br \/>\ndu Leadership<\/span><\/strong><\/h3>\n<p>&nbsp;<\/p>\n<h3 style=\"text-align: center;\"><img decoding=\"async\" loading=\"lazy\" src=\"http:\/\/marieroullet.com\/wp-content\/uploads\/2024\/01\/Presentation-sans-titre-1-300x169.png\" alt=\"\" width=\"300\" height=\"169\" class=\"alignnone wp-image-2582 size-medium\" \/><\/h3>\n<p>[\/vc_column_text][\/vc_column_inner][vc_column_inner width=&#8221;1\/4&#8243;][vc_column_text css=&#8221;.vc_custom_1704708971749{border-top-width: 6px !important;border-right-width: 6px !important;border-bottom-width: 6px !important;border-left-width: 6px !important;padding-top: 20px !important;padding-bottom: 20px !important;border-left-color: #92c5d9 !important;border-left-style: none !important;border-right-color: #92c5d9 !important;border-right-style: none !important;border-top-color: #92c5d9 !important;border-top-style: none !important;border-bottom-color: #92c5d9 !important;border-bottom-style: none !important;border-radius: 10px !important;}&#8221;]<\/p>\n<h3 style=\"text-align: center;\"><span style=\"color: #ed544a;\"><strong>Equilibre<br \/>\nVie pro \/ Vie perso<\/strong><\/span><\/h3>\n<p>&nbsp;<\/p>\n<h3 style=\"text-align: center;\"><img decoding=\"async\" loading=\"lazy\" src=\"http:\/\/marieroullet.com\/wp-content\/uploads\/2024\/01\/Presentation-sans-titre-2-300x169.png\" alt=\"\" width=\"300\" height=\"169\" class=\"alignnone size-medium wp-image-2584\" \/><\/h3>\n<p>[\/vc_column_text][\/vc_column_inner][vc_column_inner width=&#8221;1\/4&#8243;][vc_column_text css=&#8221;.vc_custom_1704740457824{border-top-width: 6px !important;border-right-width: 6px !important;border-bottom-width: 6px !important;border-left-width: 6px !important;padding-top: 20px !important;padding-bottom: 20px !important;border-left-color: #92c5d9 !important;border-left-style: none !important;border-right-color: #92c5d9 !important;border-right-style: none !important;border-top-color: #92c5d9 !important;border-top-style: none !important;border-bottom-color: #92c5d9 !important;border-bottom-style: none !important;border-radius: 10px !important;}&#8221;]<\/p>\n<h3 style=\"text-align: center;\"><span style=\"color: #ed544a;\"><strong>Evolution<br \/>\nprofessionnelle<\/strong><\/span><\/h3>\n<p>&nbsp;<\/p>\n<p><img decoding=\"async\" loading=\"lazy\" src=\"http:\/\/marieroullet.com\/wp-content\/uploads\/2024\/01\/Site-web-Marie-Images-300x169.png\" alt=\"\" width=\"300\" height=\"169\" class=\"size-medium wp-image-2676 aligncenter\" \/>[\/vc_column_text][\/vc_column_inner][vc_column_inner width=&#8221;1\/4&#8243;][vc_column_text css=&#8221;.vc_custom_1704709056475{border-top-width: 6px !important;border-right-width: 6px !important;border-bottom-width: 6px !important;border-left-width: 6px !important;padding-top: 20px !important;padding-bottom: 20px !important;border-left-color: #92c5d9 !important;border-left-style: none !important;border-right-color: #92c5d9 !important;border-right-style: none !important;border-top-color: #92c5d9 !important;border-top-style: none !important;border-bottom-color: #92c5d9 !important;border-bottom-style: none !important;border-radius: 10px !important;}&#8221;]<\/p>\n<h3 style=\"text-align: center;\"><span style=\"color: #ed544a;\"><strong>Confiance<br \/>\nen soi<\/strong><\/span><\/h3>\n<p>&nbsp;<\/p>\n<h3 style=\"text-align: center;\"><img decoding=\"async\" loading=\"lazy\" src=\"http:\/\/marieroullet.com\/wp-content\/uploads\/2024\/01\/Presentation-sans-titre-4-300x169.png\" alt=\"\" width=\"300\" height=\"169\" class=\"alignnone size-medium wp-image-2587\" \/><\/h3>\n<p>[\/vc_column_text][\/vc_column_inner][\/vc_row_inner][vc_empty_space height=&#8221;10px&#8221;][\/vc_column][\/vc_row][vc_row bg_type=&#8221;image&#8221; parallax_style=&#8221;vcpb-default&#8221; bg_image_repeat=&#8221;no-repeat&#8221; bg_image_posiiton=&#8221;left center&#8221; el_class=&#8221;bg-service-rtl&#8221;][vc_column]<div class=\"ult-spacer spacer-69dfc3270f5ad\" data-id=\"69dfc3270f5ad\" data-height=\"30\" data-height-mobile=\"10\" data-height-tab=\"15\" data-height-tab-portrait=\"15\" data-height-mobile-landscape=\"10\" style=\"clear:both;display:block;\"><\/div>[vc_column_text css=&#8221;.vc_custom_1701703413484{margin-bottom: 20px !important;}&#8221;]<\/p>\n<h2 style=\"text-align: center;\"><span style=\"color: #f15744;\"><em>Ils ont v\u00e9cu l&#8217;exp\u00e9rience :<\/em><\/span><\/h2>\n<p>[\/vc_column_text][vc_row_inner][vc_column_inner custom_w=&#8221;&#8221; width=&#8221;1\/4&#8243; offset=&#8221;vc_col-lg-3 vc_col-md-4 vc_hidden-md vc_hidden-sm vc_col-xs-12 vc_hidden-xs&#8221; css=&#8221;.vc_custom_1691748876885{margin-right: 10px !important;margin-left: 10px !important;}&#8221;][vc_column_text css=&#8221;.vc_custom_1695768659982{border-top-width: 6px !important;border-right-width: 6px !important;border-bottom-width: 6px !important;border-left-width: 6px !important;padding-top: 20px !important;padding-bottom: 20px !important;border-left-color: #92c5d9 !important;border-left-style: none !important;border-right-color: #92c5d9 !important;border-right-style: none !important;border-top-color: #92c5d9 !important;border-top-style: none !important;border-bottom-color: #92c5d9 !important;border-bottom-style: none !important;border-radius: 10px !important;}&#8221;]<\/p>\n<blockquote>\n<p style=\"text-align: center;\"><strong><em>Louis :<\/em><\/strong><\/p>\n<p style=\"text-align: center;\"><em>&#8220;Marie m&#8217;a accompagn\u00e9 sur le chemin de la reconqu\u00eate de la confiance en soi. Marie est une coach hors pair.&#8221;<\/em><\/p>\n<\/blockquote>\n<p>[\/vc_column_text][\/vc_column_inner][vc_column_inner custom_w=&#8221;&#8221; width=&#8221;1\/4&#8243; offset=&#8221;vc_col-lg-3 vc_col-md-4&#8243;][vc_column_text css=&#8221;.vc_custom_1695769294415{border-top-width: 6px !important;border-right-width: 6px !important;border-bottom-width: 6px !important;border-left-width: 6px !important;padding-top: 20px !important;padding-bottom: 20px !important;border-left-color: #92c5d9 !important;border-left-style: none !important;border-right-color: #92c5d9 !important;border-right-style: none !important;border-top-color: #92c5d9 !important;border-top-style: none !important;border-bottom-color: #92c5d9 !important;border-bottom-style: none !important;border-radius: 10px !important;}&#8221;]<\/p>\n<blockquote>\n<p style=\"text-align: center;\"><strong><em>Nathalie :<\/em><\/strong><\/p>\n<p style=\"text-align: center;\"><em>&#8220;Excellente coach focalis\u00e9e sur le bien-\u00eatre du coach\u00e9e et toujours dans la bienveillance et positivit\u00e9. Tr\u00e8s flexible et disponible.&#8221;<\/em><\/p>\n<\/blockquote>\n<p>[\/vc_column_text][\/vc_column_inner][vc_column_inner width=&#8221;1\/4&#8243; offset=&#8221;vc_col-lg-3 vc_col-md-4 vc_col-xs-12&#8243;][vc_column_text css=&#8221;.vc_custom_1695769300684{border-top-width: 6px !important;border-right-width: 6px !important;border-bottom-width: 6px !important;border-left-width: 6px !important;padding-top: 20px !important;padding-bottom: 20px !important;border-left-color: #92c5d9 !important;border-left-style: none !important;border-right-color: #92c5d9 !important;border-right-style: none !important;border-top-color: #92c5d9 !important;border-top-style: none !important;border-bottom-color: #92c5d9 !important;border-bottom-style: none !important;border-radius: 10px !important;}&#8221;]<\/p>\n<blockquote>\n<p style=\"text-align: center;\"><em><strong>Emmanuel :<\/strong><br \/>\n<\/em><\/p>\n<p style=\"text-align: center;\"><em>&#8220;Marie m&#8217;a tout de suite mis \u00e0 l&#8217;aise. D\u00e8s notre premi\u00e8re discussion, nos \u00e9changes ont su faire \u00e9merger une probl\u00e9matique loin d&#8217;\u00eatre \u00e9vidente a priori. Elle m\u2019a permis de mieux m\u2019analyser.&#8221;<\/em><\/p>\n<\/blockquote>\n<p>[\/vc_column_text][\/vc_column_inner][vc_column_inner width=&#8221;1\/4&#8243;][vc_column_text css=&#8221;.vc_custom_1695769718628{border-top-width: 6px !important;border-right-width: 6px !important;border-bottom-width: 6px !important;border-left-width: 6px !important;padding-top: 20px !important;padding-bottom: 20px !important;border-left-color: #92c5d9 !important;border-left-style: none !important;border-right-color: #92c5d9 !important;border-right-style: none !important;border-top-color: #92c5d9 !important;border-top-style: none !important;border-bottom-color: #92c5d9 !important;border-bottom-style: none !important;border-radius: 10px !important;}&#8221;]<\/p>\n<blockquote>\n<p style=\"text-align: center;\"><strong><em>Guillaume :<\/em><\/strong><\/p>\n<p style=\"text-align: center;\"><em>&#8220;Marie, c\u2019est une rencontre. J\u2019ai su en 30 secondes lors du premier appel que je pouvais avoir confiance et que j\u2019allais avancer. Le coaching est intervenu apr\u00e8s plus de 10 ans dans diff\u00e9rents r\u00f4les, quelques d\u00e9ceptions pros.&#8221;<\/em><\/p>\n<\/blockquote>\n<p>[\/vc_column_text][vc_column_text css=&#8221;.vc_custom_1704638816980{border-top-width: 6px !important;border-right-width: 6px !important;border-bottom-width: 6px !important;border-left-width: 6px !important;padding-top: 3px !important;padding-bottom: 20px !important;border-left-color: #92c5d9 !important;border-left-style: none !important;border-right-color: #92c5d9 !important;border-right-style: none !important;border-top-color: #92c5d9 !important;border-top-style: none !important;border-bottom-color: #92c5d9 !important;border-bottom-style: none !important;border-radius: 10px !important;}&#8221;]<\/p>\n<h3 style=\"text-align: center;\"><a href=\"https:\/\/marieroullet.com\/index.php\/temoignages\/\"><strong>Voir plus de t\u00e9moignages<\/strong><em><strong><\/strong><\/em><\/a><\/h3>\n<p>[\/vc_column_text][\/vc_column_inner][\/vc_row_inner][vc_empty_space height=&#8221;10px&#8221;][\/vc_column][\/vc_row][vc_row bg_type=&#8221;image&#8221; parallax_style=&#8221;vcpb-default&#8221; bg_image_repeat=&#8221;no-repeat&#8221; bg_image_posiiton=&#8221;left center&#8221; el_class=&#8221;bg-service-rtl&#8221;][vc_column]<div class=\"ult-spacer spacer-69dfc3270f5bd\" data-id=\"69dfc3270f5bd\" data-height=\"30\" data-height-mobile=\"10\" data-height-tab=\"15\" data-height-tab-portrait=\"15\" data-height-mobile-landscape=\"10\" style=\"clear:both;display:block;\"><\/div>[vc_column_text css=&#8221;.vc_custom_1704642882982{margin-bottom: 20px !important;}&#8221;]<\/p>\n<h2 style=\"text-align: center;\"><a href=\"https:\/\/marieroullet.com\/index.php\/contactez-moi\/\"><span style=\"color: #f15744;\"><em>Rencontrons-nous !<\/em><\/span><\/a><\/h2>\n<p>[\/vc_column_text][vc_empty_space height=&#8221;16px&#8221;][vc_column_text css=&#8221;.vc_custom_1704784201746{margin-bottom: 20px !important;}&#8221;]<\/p>\n<h3 style=\"text-align: center;\"><a href=\"https:\/\/marieroullet.com\/index.php\/contactez-moi\/\">Les changements commencent maintenant.<\/a><\/h3>\n<p>&nbsp;<\/p>\n<h3 style=\"text-align: center;\"><a href=\"https:\/\/marieroullet.com\/index.php\/contactez-moi\/\">Premier entretien <span style=\"text-decoration: underline;\">gratuit<\/span> et <span style=\"text-decoration: underline;\">sans engagement<\/span><\/a><\/h3>\n<p>&nbsp;<\/p>\n<p>[\/vc_column_text][vc_empty_space][\/vc_column][\/vc_row]<\/p>\n<\/section>","protected":false},"excerpt":{"rendered":"<p>[vc_row][vc_column][vc_row_inner][vc_column_inner custom_w=&#8221;30&#8243; offset=&#8221;vc_col-lg-6 vc_col-md-6 vc_col-xs-12&#8243;][vc_single_image image=&#8221;1995&#8243; img_size=&#8221;full&#8221; alignment=&#8221;right&#8221; el_class=&#8221;img_style_box&#8221;][\/vc_column_inner][vc_column_inner custom_w=&#8221;70&#8243; offset=&#8221;vc_col-lg-6 vc_col-md-6 vc_col-xs-12&#8243;][vc_column_text] Coaching Professionnel en ligne ou en pr\u00e9sentiel [\/vc_column_text][vc_column_text css=&#8221;.vc_custom_1704740988606{margin-left: 50px !important;}&#8221;] Je suis une coach centr\u00e9e sur vous, \u00e0 l\u2019\u00e9coute et bienveillante autant que confrontante et \u00e9nergisante. Je vous aide \u00e0 \u00eatre entrepreneur de votre vie, comme [&hellip;]<\/p>\n","protected":false},"author":3,"featured_media":0,"parent":0,"menu_order":0,"comment_status":"closed","ping_status":"closed","template":"","meta":[],"_links":{"self":[{"href":"https:\/\/marieroullet.com\/index.php\/wp-json\/wp\/v2\/pages\/40"}],"collection":[{"href":"https:\/\/marieroullet.com\/index.php\/wp-json\/wp\/v2\/pages"}],"about":[{"href":"https:\/\/marieroullet.com\/index.php\/wp-json\/wp\/v2\/types\/page"}],"author":[{"embeddable":true,"href":"https:\/\/marieroullet.com\/index.php\/wp-json\/wp\/v2\/users\/3"}],"replies":[{"embeddable":true,"href":"https:\/\/marieroullet.com\/index.php\/wp-json\/wp\/v2\/comments?post=40"}],"version-history":[{"count":390,"href":"https:\/\/marieroullet.com\/index.php\/wp-json\/wp\/v2\/pages\/40\/revisions"}],"predecessor-version":[{"id":2696,"href":"https:\/\/marieroullet.com\/index.php\/wp-json\/wp\/v2\/pages\/40\/revisions\/2696"}],"wp:attachment":[{"href":"https:\/\/marieroullet.com\/index.php\/wp-json\/wp\/v2\/media?parent=40"}],"curies":[{"name":"wp","href":"https:\/\/api.w.org\/{rel}","templated":true}]}}