{"id":20,"date":"2023-03-15T21:15:39","date_gmt":"2023-03-15T21:15:39","guid":{"rendered":"https:\/\/marieroullet.com\/?page_id=20"},"modified":"2024-01-25T11:26:33","modified_gmt":"2024-01-25T10:26:33","slug":"qui-suis-je","status":"publish","type":"page","link":"https:\/\/marieroullet.com\/index.php\/qui-suis-je\/","title":{"rendered":"Qui suis-je ?"},"content":{"rendered":"<section class=\"wpb-content-wrapper\"><p>[vc_row][vc_column][vc_column_text css=&#8221;.vc_custom_1706177644551{padding-top: 70px !important;padding-bottom: 70px !important;background-image: url(http:\/\/marieroullet.com\/wp-content\/uploads\/2024\/01\/Bandeau-1.png?id=2781) !important;}&#8221;]<\/p>\n<h2 style=\"text-align: center;\"><span style=\"color: #f5efe4;\"><strong><span style=\"font-family: caveat;\">Qui suis-je ?<\/span><\/strong><\/span><\/h2>\n<p>[\/vc_column_text]<div class=\"arrowpress-container container \">[vc_row_inner][vc_column_inner custom_w=&#8221;70&#8243; el_class=&#8221;c_box_no_pad&#8221; width=&#8221;1\/2&#8243; offset=&#8221;vc_col-lg-6 vc_col-md-6 vc_col-xs-12&#8243; css=&#8221;.vc_custom_1691743828906{margin-right: 10px !important;}&#8221;]<div class=\"ult-spacer spacer-69e494b2e700f\" data-id=\"69e494b2e700f\" data-height=\"60\" data-height-mobile=\"20\" data-height-tab=\"60\" data-height-tab-portrait=\"40\" data-height-mobile-landscape=\"20\" style=\"clear:both;display:block;\"><\/div>[vc_column_text]<\/p>\n<h3><span>Dipl\u00f4m\u00e9e d\u2019une Ecole Sup\u00e9rieure de Commerce, j\u2019ai d\u00e9but\u00e9 ma carri\u00e8re chez Air France avec comme objectif de faire de la gestion de crises.<\/span><\/h3>\n<h3><span>J\u2019aime ces moments forts en adr\u00e9naline dans lesquels garder son calme et son recul aident \u00e0 g\u00e9rer une situation complexe.<\/span><\/h3>\n<p>[\/vc_column_text]<div class=\"ult-spacer spacer-69e494b2e702e\" data-id=\"69e494b2e702e\" data-height=\"30\" data-height-mobile=\"10\" data-height-tab=\"30\" data-height-tab-portrait=\"20\" data-height-mobile-landscape=\"10\" style=\"clear:both;display:block;\"><\/div>[vc_column_text]<\/p>\n<h3><span>J\u2019ai manag\u00e9 les \u00e9quipes digitales et commerciales de plusieurs compagnies a\u00e9riennes. C\u2019est dans la coh\u00e9sion d\u2019\u00e9quipe, l\u2019attention aux autres et l\u2019accompagnement au d\u00e9veloppement personnel que je trouve le plus de sens.<\/span><\/h3>\n<h3><span>Je suis famili\u00e8re avec le fonctionnement et la politique de grosses entreprises : j\u2019ai travaill\u00e9 10 ans dans les directions &#8220;Commercial International&#8221; et &#8220;Digital&#8221; d&#8217;Air France KLM.<\/span><\/h3>\n<p>[\/vc_column_text]<div class=\"ult-spacer spacer-69e494b2e7040\" data-id=\"69e494b2e7040\" data-height=\"30\" data-height-mobile=\"10\" data-height-tab=\"30\" data-height-tab-portrait=\"20\" data-height-mobile-landscape=\"10\" style=\"clear:both;display:block;\"><\/div>[vc_column_text]<\/p>\n<h3><span>Je suis \u00e9galement \u00e0 l&#8217;aise avec les petites structures type startup car j\u2019ai particip\u00e9 \u00e0 la cr\u00e9ation de la compagnie a\u00e9rienne Hop! en 2014.<\/span><\/h3>\n<h3><span>Puis j&#8217;ai \u00e9volu\u00e9 dans une structure internationale en tant que Directrice Commerciale et Marketing d\u2019Emirates.<\/span><\/h3>\n<p>[\/vc_column_text]<div class=\"ult-spacer spacer-69e494b2e704e\" data-id=\"69e494b2e704e\" data-height=\"30\" data-height-mobile=\"10\" data-height-tab=\"30\" data-height-tab-portrait=\"20\" data-height-mobile-landscape=\"10\" style=\"clear:both;display:block;\"><\/div>[vc_column_text]<\/p>\n<h3><span>En 2018, je pars faire un tour du monde avec mon mari et mes 3 enfants pendant un an. Je r\u00e9alise alors un r\u00eave. Nous parcourons le monde \u00e0 la d\u00e9couverte de nouvelles cultures, de belles rencontres et d&#8217;aventures sensationnelles.<\/span><\/h3>\n<p>[\/vc_column_text][\/vc_column_inner][vc_column_inner custom_w=&#8221;30&#8243; width=&#8221;1\/2&#8243; offset=&#8221;vc_col-lg-5 vc_col-md-6 vc_col-xs-12&#8243;]<div class=\"ult-spacer spacer-69e494b2e705c\" data-id=\"69e494b2e705c\" data-height=\"60\" data-height-mobile=\"20\" data-height-tab=\"60\" data-height-tab-portrait=\"40\" data-height-mobile-landscape=\"20\" style=\"clear:both;display:block;\"><\/div>[vc_video link=&#8221;https:\/\/www.youtube.com\/shorts\/da3xG5d_cQU&#8221; el_aspect=&#8221;916&#8243;][\/vc_column_inner][\/vc_row_inner]<\/div>\n[\/vc_column][\/vc_row]<\/p>\n<\/section>","protected":false},"excerpt":{"rendered":"<p>[vc_row][vc_column][vc_column_text css=&#8221;.vc_custom_1706177644551{padding-top: 70px !important;padding-bottom: 70px !important;background-image: url(http:\/\/marieroullet.com\/wp-content\/uploads\/2024\/01\/Bandeau-1.png?id=2781) !important;}&#8221;] Qui suis-je ? [\/vc_column_text][\/vc_column][\/vc_row]<\/p>\n","protected":false},"author":1,"featured_media":0,"parent":0,"menu_order":0,"comment_status":"closed","ping_status":"closed","template":"","meta":[],"_links":{"self":[{"href":"https:\/\/marieroullet.com\/index.php\/wp-json\/wp\/v2\/pages\/20"}],"collection":[{"href":"https:\/\/marieroullet.com\/index.php\/wp-json\/wp\/v2\/pages"}],"about":[{"href":"https:\/\/marieroullet.com\/index.php\/wp-json\/wp\/v2\/types\/page"}],"author":[{"embeddable":true,"href":"https:\/\/marieroullet.com\/index.php\/wp-json\/wp\/v2\/users\/1"}],"replies":[{"embeddable":true,"href":"https:\/\/marieroullet.com\/index.php\/wp-json\/wp\/v2\/comments?post=20"}],"version-history":[{"count":70,"href":"https:\/\/marieroullet.com\/index.php\/wp-json\/wp\/v2\/pages\/20\/revisions"}],"predecessor-version":[{"id":2790,"href":"https:\/\/marieroullet.com\/index.php\/wp-json\/wp\/v2\/pages\/20\/revisions\/2790"}],"wp:attachment":[{"href":"https:\/\/marieroullet.com\/index.php\/wp-json\/wp\/v2\/media?parent=20"}],"curies":[{"name":"wp","href":"https:\/\/api.w.org\/{rel}","templated":true}]}}