{"id":17,"date":"2023-03-15T21:14:02","date_gmt":"2023-03-15T21:14:02","guid":{"rendered":"https:\/\/marieroullet.com\/?page_id=17"},"modified":"2024-01-25T11:16:37","modified_gmt":"2024-01-25T10:16:37","slug":"ma-methode-de-coaching","status":"publish","type":"page","link":"https:\/\/marieroullet.com\/index.php\/ma-methode-de-coaching\/","title":{"rendered":"Ma m\u00e9thode de coaching"},"content":{"rendered":"<section class=\"wpb-content-wrapper\"><p>[vc_row][vc_column][vc_column_text css_animation=&#8221;appear&#8221; css=&#8221;.vc_custom_1706177790476{border-top-width: 50px !important;border-bottom-width: 50px !important;padding-top: 50px !important;padding-right: 50px !important;padding-bottom: 50px !important;padding-left: 50px !important;background-image: url(http:\/\/marieroullet.com\/wp-content\/uploads\/2024\/01\/Capture-decran-2024-01-13-a-15.31.07.png?id=2746) !important;background-position: 0 0 !important;background-repeat: repeat !important;}&#8221;]<\/p>\n<h3 style=\"text-align: center;\"><span style=\"color: #f5efe4;\"><strong><span style=\"font-family: caveat;\">J&#8217;int\u00e8gre au coaching mon expertise<\/span><\/strong><\/span><\/h3>\n<p>&nbsp;<\/p>\n<h3 style=\"text-align: center;\"><span style=\"color: #ffffff;\"><strong><span style=\"font-family: caveat;\">en Neurosciences, Psychologie Positive, Intelligence Positive et Pleine Conscience.<\/span><\/strong><\/span><\/h3>\n<p>&nbsp;<\/p>\n<h3 style=\"text-align: center;\"><span style=\"color: #ffffff;\"><strong><span style=\"font-family: caveat;\">J&#8217;adapte chaque s\u00e9ance sur-mesure selon vos besoins et vos objectifs.<\/span><\/strong><\/span><\/h3>\n<p>[\/vc_column_text][\/vc_column][\/vc_row][vc_row][vc_column custom_w=&#8221;70&#8243; width=&#8221;1\/2&#8243;]<div class=\"ult-spacer spacer-69dfd690cb79a\" data-id=\"69dfd690cb79a\" data-height=\"60\" data-height-mobile=\"0\" data-height-tab=\"60\" data-height-tab-portrait=\"40\" data-height-mobile-landscape=\"0\" style=\"clear:both;display:block;\"><\/div>[vc_column_text]<\/p>\n<h2 style=\"text-align: left;\">Objectifs<\/h2>\n<p>[\/vc_column_text][vc_column_text]<\/p>\n<ul>\n<li>\n<h3>Investir un espace pour soi<\/h3>\n<\/li>\n<li>\n<h3>R\u00e9aliser un travail en profondeur et qui dure dans le temps<\/h3>\n<\/li>\n<li>\n<h3>Prendre conscience de ses croyances limitantes et ses autosabotages<\/h3>\n<\/li>\n<li>\n<h3>Renouer avec ses forces et ses envies pour se propulser<\/h3>\n<\/li>\n<li>\n<h3>Apprendre \u00e0 surmonter ses peurs<\/h3>\n<\/li>\n<li>\n<h3>Passer \u00e0 l&#8217;action<\/h3>\n<\/li>\n<\/ul>\n<ul><\/ul>\n<p>[\/vc_column_text][vc_column_text]<\/p>\n<h2 style=\"text-align: left;\">B\u00e9n\u00e9fices<\/h2>\n<p>[\/vc_column_text][vc_column_text]<img decoding=\"async\" loading=\"lazy\" src=\"http:\/\/marieroullet.com\/wp-content\/uploads\/2023\/11\/Capture-decran-2023-11-13-a-16.48.10-300x116.png\" alt=\"\" width=\"400\" height=\"154\" class=\"alignleft wp-image-2514\" \/>[\/vc_column_text]<div class=\"ult-spacer spacer-69dfd690cb7b6\" data-id=\"69dfd690cb7b6\" data-height=\"60\" data-height-mobile=\"0\" data-height-tab=\"60\" data-height-tab-portrait=\"40\" data-height-mobile-landscape=\"0\" style=\"clear:both;display:block;\"><\/div>[vc_column_text]<\/p>\n<h2 style=\"text-align: left;\">D\u00e9roulement du coaching individuel<\/h2>\n<p>[\/vc_column_text][vc_column_text]<\/p>\n<ul>\n<li style=\"font-weight: 400;\" aria-level=\"1\">\n<h3>L\u2019accompagnement se d\u00e9roule sous la forme d\u2019entretiens individuels 100% en ligne ou en pr\u00e9sentiel.<\/h3>\n<\/li>\n<li style=\"font-weight: 400;\" aria-level=\"1\">\n<h3>Le nombre de s\u00e9ances varie selon l\u2019objectif. En moyenne 7 s\u00e9ances.<\/h3>\n<\/li>\n<li style=\"font-weight: 400;\" aria-level=\"1\">\n<h3>Les s\u00e9ances durent 1h30.<\/h3>\n<\/li>\n<li style=\"font-weight: 400;\" aria-level=\"1\">\n<h3>Les s\u00e9ances sont espac\u00e9es de 15 jours pour avoir le temps de passer \u00e0 l&#8217;action et de mesurer les progr\u00e8s.<\/h3>\n<\/li>\n<li style=\"font-weight: 400;\" aria-level=\"1\">\n<h3>Pour les coaching en entreprise, une s\u00e9ance tripartite (avec le manager) peut \u00eatre organis\u00e9e en d\u00e9but de process pour s&#8217;aligner sur les objectifs.<\/h3>\n<\/li>\n<li style=\"font-weight: 400;\" aria-level=\"1\">\n<h3>Et une s\u00e9ance tripartite en cl\u00f4ture de process.<\/h3>\n<\/li>\n<\/ul>\n<p>[\/vc_column_text][\/vc_column][vc_column custom_w=&#8221;30&#8243; width=&#8221;1\/2&#8243;]<div class=\"ult-spacer spacer-69dfd690cb7c5\" data-id=\"69dfd690cb7c5\" data-height=\"60\" data-height-mobile=\"0\" data-height-tab=\"60\" data-height-tab-portrait=\"40\" data-height-mobile-landscape=\"0\" style=\"clear:both;display:block;\"><\/div>[vc_video link=&#8221;https:\/\/www.youtube.com\/shorts\/bhA_3uMdTZA&#8221; el_aspect=&#8221;916&#8243; align=&#8221;right&#8221;][\/vc_column][\/vc_row]<\/p>\n<\/section>","protected":false},"excerpt":{"rendered":"<p>[vc_row][vc_column][vc_column_text css_animation=&#8221;appear&#8221; css=&#8221;.vc_custom_1706177790476{border-top-width: 50px !important;border-bottom-width: 50px !important;padding-top: 50px !important;padding-right: 50px !important;padding-bottom: 50px !important;padding-left: 50px !important;background-image: url(http:\/\/marieroullet.com\/wp-content\/uploads\/2024\/01\/Capture-decran-2024-01-13-a-15.31.07.png?id=2746) !important;background-position: 0 0 !important;background-repeat: repeat !important;}&#8221;] J&#8217;int\u00e8gre au coaching mon expertise &nbsp; en Neurosciences, Psychologie Positive, Intelligence Positive et Pleine Conscience. &nbsp; J&#8217;adapte chaque s\u00e9ance sur-mesure selon vos besoins et vos objectifs. [\/vc_column_text][\/vc_column][\/vc_row][vc_row][vc_column custom_w=&#8221;70&#8243; [&hellip;]<\/p>\n","protected":false},"author":1,"featured_media":0,"parent":0,"menu_order":0,"comment_status":"closed","ping_status":"closed","template":"","meta":[],"_links":{"self":[{"href":"https:\/\/marieroullet.com\/index.php\/wp-json\/wp\/v2\/pages\/17"}],"collection":[{"href":"https:\/\/marieroullet.com\/index.php\/wp-json\/wp\/v2\/pages"}],"about":[{"href":"https:\/\/marieroullet.com\/index.php\/wp-json\/wp\/v2\/types\/page"}],"author":[{"embeddable":true,"href":"https:\/\/marieroullet.com\/index.php\/wp-json\/wp\/v2\/users\/1"}],"replies":[{"embeddable":true,"href":"https:\/\/marieroullet.com\/index.php\/wp-json\/wp\/v2\/comments?post=17"}],"version-history":[{"count":80,"href":"https:\/\/marieroullet.com\/index.php\/wp-json\/wp\/v2\/pages\/17\/revisions"}],"predecessor-version":[{"id":2791,"href":"https:\/\/marieroullet.com\/index.php\/wp-json\/wp\/v2\/pages\/17\/revisions\/2791"}],"wp:attachment":[{"href":"https:\/\/marieroullet.com\/index.php\/wp-json\/wp\/v2\/media?parent=17"}],"curies":[{"name":"wp","href":"https:\/\/api.w.org\/{rel}","templated":true}]}}